{"id":2705,"date":"2026-02-24T11:55:39","date_gmt":"2026-02-24T10:55:39","guid":{"rendered":"https:\/\/entwicklung.connectavo.de\/?page_id=2705"},"modified":"2026-03-05T10:09:41","modified_gmt":"2026-03-05T09:09:41","slug":"legal-notice","status":"publish","type":"page","link":"https:\/\/connectavo.com\/en\/impressum","title":{"rendered":"Legal Notice"},"content":{"rendered":"<p><strong>WAFIOS Aktiengesellschaft<br>connectavo a WAFIOS AG brand<\/strong><br>Silverburgstr. 5<br>D-72764 Reutlingen<br>Phone: +49 7121 146-0<br>Fax: +49 7121 146-250<br>E-mail: sales@wafios.de<\/p>\n\n\n\n<p>Registration Court Stuttgart HRB 35 34 27<br>AT reg. no.: DE 146 466 742<\/p>\n\n\n\n<p><strong>Chairman of the Supervisory Board:<\/strong><br>Martin Holder<\/p>\n\n\n\n<p><strong>Executive Board:<\/strong><br>Dr.-Ing. Uwe-Peter Weigmann (Speaker of the Board)<br>J\u00f6rg Eisele<br>Martin Mayer<\/p>\n\n\n\n<p><strong>Image credits<\/strong><br>Images used are from Adobe Stock and Unsplash.<br>Copyright holder according to respective license.<\/p>","protected":false},"excerpt":{"rendered":"<p>WAFIOS Aktiengesellschaftconnectavo eine Marke der WAFIOS AGSilberburgstr. 5D-72764 ReutlingenTelefon: +49 7121 146-0Fax: +49 7121 146-250E-Mail: sales@wafios.de Registergericht Stuttgart HRB 35 34 27Umsatzsteuer-Identifikations-Nr. DE 146 466 742 Vorsitzender des Aufsichtsrates:Martin Holder Vorstand:Dr.-Ing. Uwe-Peter Weigmann (Sprecher)J\u00f6rg EiseleMartin Mayer BildnachweiseVerwendete Bilder stammen von Adobe Stock und Unsplash.Urheber gem\u00e4\u00df jeweiliger Lizenz.<\/p>","protected":false},"author":1,"featured_media":0,"parent":0,"menu_order":0,"comment_status":"closed","ping_status":"closed","template":"seite-mit-titel","meta":{"_acf_changed":false,"_gspb_post_css":"","footnotes":""},"class_list":["post-2705","page","type-page","status-publish","hentry"],"acf":[],"yoast_head":"<!-- This site is optimized with the Yoast SEO plugin v27.3 - https:\/\/yoast.com\/product\/yoast-seo-wordpress\/ -->\n<title>Impressum | connectavo<\/title>\n<meta name=\"description\" content=\"Hier finden Sie das Impressum von connectavo mit rechtlichen Hinweisen und Kontaktinformationen!\" \/>\n<meta name=\"robots\" content=\"noindex, follow\" \/>\n<meta property=\"og:locale\" content=\"en_US\" \/>\n<meta property=\"og:type\" content=\"article\" \/>\n<meta property=\"og:title\" content=\"Impressum | connectavo\" \/>\n<meta property=\"og:description\" content=\"Hier finden Sie das Impressum von connectavo mit rechtlichen Hinweisen und Kontaktinformationen!\" \/>\n<meta property=\"og:url\" content=\"https:\/\/connectavo.com\/en\/legal-notice\" \/>\n<meta property=\"og:site_name\" content=\"connectavo\" \/>\n<meta property=\"article:modified_time\" content=\"2026-03-05T09:09:41+00:00\" \/>\n<meta name=\"twitter:card\" content=\"summary_large_image\" \/>\n<meta name=\"twitter:label1\" content=\"Est. reading time\" \/>\n\t<meta name=\"twitter:data1\" content=\"1 minute\" \/>\n<script type=\"application\/ld+json\" class=\"yoast-schema-graph\">{\"@context\":\"https:\\\/\\\/schema.org\",\"@graph\":[{\"@type\":\"WebPage\",\"@id\":\"https:\\\/\\\/connectavo.com\\\/en\\\/impressum\",\"url\":\"https:\\\/\\\/connectavo.com\\\/en\\\/impressum\",\"name\":\"Impressum | connectavo\",\"isPartOf\":{\"@id\":\"https:\\\/\\\/connectavo.com\\\/en\\\/#website\"},\"datePublished\":\"2026-02-24T10:55:39+00:00\",\"dateModified\":\"2026-03-05T09:09:41+00:00\",\"description\":\"Hier finden Sie das Impressum von connectavo mit rechtlichen Hinweisen und Kontaktinformationen!\",\"breadcrumb\":{\"@id\":\"https:\\\/\\\/connectavo.com\\\/en\\\/impressum#breadcrumb\"},\"inLanguage\":\"en-US\",\"potentialAction\":[{\"@type\":\"ReadAction\",\"target\":[\"https:\\\/\\\/connectavo.com\\\/en\\\/impressum\"]}]},{\"@type\":\"BreadcrumbList\",\"@id\":\"https:\\\/\\\/connectavo.com\\\/en\\\/impressum#breadcrumb\",\"itemListElement\":[{\"@type\":\"ListItem\",\"position\":1,\"name\":\"Start\",\"item\":\"https:\\\/\\\/connectavo.com\\\/en\"},{\"@type\":\"ListItem\",\"position\":2,\"name\":\"Impressum\"}]},{\"@type\":\"WebSite\",\"@id\":\"https:\\\/\\\/connectavo.com\\\/en\\\/#website\",\"url\":\"https:\\\/\\\/connectavo.com\\\/en\\\/\",\"name\":\"connectavo\",\"description\":\"\",\"publisher\":{\"@id\":\"https:\\\/\\\/connectavo.com\\\/en\\\/#organization\"},\"potentialAction\":[{\"@type\":\"SearchAction\",\"target\":{\"@type\":\"EntryPoint\",\"urlTemplate\":\"https:\\\/\\\/connectavo.com\\\/en\\\/?s={search_term_string}\"},\"query-input\":{\"@type\":\"PropertyValueSpecification\",\"valueRequired\":true,\"valueName\":\"search_term_string\"}}],\"inLanguage\":\"en-US\"},{\"@type\":\"Organization\",\"@id\":\"https:\\\/\\\/connectavo.com\\\/en\\\/#organization\",\"name\":\"connectavo\",\"url\":\"https:\\\/\\\/connectavo.com\\\/en\\\/\",\"logo\":{\"@type\":\"ImageObject\",\"inLanguage\":\"en-US\",\"@id\":\"https:\\\/\\\/connectavo.com\\\/en\\\/#\\\/schema\\\/logo\\\/image\\\/\",\"url\":\"https:\\\/\\\/connectavo.com\\\/wp-content\\\/uploads\\\/2025\\\/08\\\/logo-connectavo.svg\",\"contentUrl\":\"https:\\\/\\\/connectavo.com\\\/wp-content\\\/uploads\\\/2025\\\/08\\\/logo-connectavo.svg\",\"width\":534,\"height\":112,\"caption\":\"connectavo\"},\"image\":{\"@id\":\"https:\\\/\\\/connectavo.com\\\/en\\\/#\\\/schema\\\/logo\\\/image\\\/\"}}]}<\/script>\n<!-- \/ Yoast SEO plugin. -->","yoast_head_json":{"title":"Imprint | connectavo","description":"Here you will find the connectavo imprint together with legal notices and contact information!","robots":{"index":"noindex","follow":"follow"},"og_locale":"en_US","og_type":"article","og_title":"Impressum | connectavo","og_description":"Hier finden Sie das Impressum von connectavo mit rechtlichen Hinweisen und Kontaktinformationen!","og_url":"https:\/\/connectavo.com\/en\/legal-notice","og_site_name":"connectavo","article_modified_time":"2026-03-05T09:09:41+00:00","twitter_card":"summary_large_image","twitter_misc":{"Est. reading time":"1 minute"},"schema":{"@context":"https:\/\/schema.org","@graph":[{"@type":"WebPage","@id":"https:\/\/connectavo.com\/en\/impressum","url":"https:\/\/connectavo.com\/en\/impressum","name":"Imprint | connectavo","isPartOf":{"@id":"https:\/\/connectavo.com\/en\/#website"},"datePublished":"2026-02-24T10:55:39+00:00","dateModified":"2026-03-05T09:09:41+00:00","description":"Here you will find the connectavo imprint together with legal notices and contact information!","breadcrumb":{"@id":"https:\/\/connectavo.com\/en\/impressum#breadcrumb"},"inLanguage":"en-US","potentialAction":[{"@type":"ReadAction","target":["https:\/\/connectavo.com\/en\/impressum"]}]},{"@type":"BreadcrumbList","@id":"https:\/\/connectavo.com\/en\/impressum#breadcrumb","itemListElement":[{"@type":"ListItem","position":1,"name":"Start","item":"https:\/\/connectavo.com\/en"},{"@type":"ListItem","position":2,"name":"Impressum"}]},{"@type":"WebSite","@id":"https:\/\/connectavo.com\/en\/#website","url":"https:\/\/connectavo.com\/en\/","name":"connectavo","description":"","publisher":{"@id":"https:\/\/connectavo.com\/en\/#organization"},"potentialAction":[{"@type":"SearchAction","target":{"@type":"EntryPoint","urlTemplate":"https:\/\/connectavo.com\/en\/?s={search_term_string}"},"query-input":{"@type":"PropertyValueSpecification","valueRequired":true,"valueName":"search_term_string"}}],"inLanguage":"en-US"},{"@type":"Organization","@id":"https:\/\/connectavo.com\/en\/#organization","name":"connectavo","url":"https:\/\/connectavo.com\/en\/","logo":{"@type":"ImageObject","inLanguage":"en-US","@id":"https:\/\/connectavo.com\/en\/#\/schema\/logo\/image\/","url":"https:\/\/connectavo.com\/wp-content\/uploads\/2025\/08\/logo-connectavo.svg","contentUrl":"https:\/\/connectavo.com\/wp-content\/uploads\/2025\/08\/logo-connectavo.svg","width":534,"height":112,"caption":"connectavo"},"image":{"@id":"https:\/\/connectavo.com\/en\/#\/schema\/logo\/image\/"}}]}},"_links":{"self":[{"href":"https:\/\/connectavo.com\/en\/wp-json\/wp\/v2\/pages\/2705","targetHints":{"allow":["GET"]}}],"collection":[{"href":"https:\/\/connectavo.com\/en\/wp-json\/wp\/v2\/pages"}],"about":[{"href":"https:\/\/connectavo.com\/en\/wp-json\/wp\/v2\/types\/page"}],"author":[{"embeddable":true,"href":"https:\/\/connectavo.com\/en\/wp-json\/wp\/v2\/users\/1"}],"replies":[{"embeddable":true,"href":"https:\/\/connectavo.com\/en\/wp-json\/wp\/v2\/comments?post=2705"}],"version-history":[{"count":10,"href":"https:\/\/connectavo.com\/en\/wp-json\/wp\/v2\/pages\/2705\/revisions"}],"predecessor-version":[{"id":3146,"href":"https:\/\/connectavo.com\/en\/wp-json\/wp\/v2\/pages\/2705\/revisions\/3146"}],"wp:attachment":[{"href":"https:\/\/connectavo.com\/en\/wp-json\/wp\/v2\/media?parent=2705"}],"curies":[{"name":"wp","href":"https:\/\/api.w.org\/{rel}","templated":true}]}}